{"id":1324,"date":"2024-08-07T15:30:44","date_gmt":"2024-08-07T13:30:44","guid":{"rendered":"http:\/\/192.168.56.131\/wordpress\/index.php\/about\/"},"modified":"2025-07-10T13:24:18","modified_gmt":"2025-07-10T11:24:18","slug":"nosotros","status":"publish","type":"page","link":"https:\/\/guarderiaburbujas.com\/?page_id=1324","title":{"rendered":"Nosotros"},"content":{"rendered":"\n<div class=\"wp-block-uagb-container uagb-block-3ad17e27 alignfull uagb-is-root-container\"><div class=\"uagb-container-inner-blocks-wrap\">\n<div class=\"wp-block-uagb-advanced-heading uagb-block-8a1eebc0\"><h1 class=\"uagb-heading-text\">Sobre Nosotros<\/h1><\/div>\n<\/div><\/div>\n\n\n\n<div class=\"wp-block-uagb-container uagb-block-f8ec2bd3 alignfull uagb-is-root-container\"><div class=\"uagb-container-inner-blocks-wrap\">\n<div class=\"wp-block-uagb-advanced-heading uagb-block-e874992d\"><h4 class=\"uagb-heading-text\">Desde nuestra perspectiva educativa, el primer ciclo de la educaci\u00f3n infantil es fundamental para el desarrollo integral de los ni\u00f1os y ni\u00f1as. Adem\u00e1s, nunca perdemos de vista la importancia de la atenci\u00f3n asistencial, emocional y afectiva, aspectos esenciales en nuestra labor diaria.<\/h4><\/div>\n\n\n\n<div class=\"wp-block-uagb-image aligncenter uagb-block-2d710799 wp-block-uagb-image--layout-default wp-block-uagb-image--effect-static wp-block-uagb-image--align-center\"><figure class=\"wp-block-uagb-image__figure\"><img decoding=\"async\" srcset=\"https:\/\/guarderiaburbujas.com\/wp-content\/uploads\/2024\/08\/guarderia5-1024x684.webp ,https:\/\/guarderiaburbujas.com\/wp-content\/uploads\/2024\/08\/guarderia5-scaled.webp 780w, https:\/\/guarderiaburbujas.com\/wp-content\/uploads\/2024\/08\/guarderia5-scaled.webp 360w\" sizes=\"auto, (max-width: 480px) 150px\" src=\"https:\/\/guarderiaburbujas.com\/wp-content\/uploads\/2024\/08\/guarderia5-1024x684.webp\" alt=\"\" class=\"uag-image-2285\" width=\"1024\" height=\"684\" title=\"guarderia5\" loading=\"lazy\" role=\"img\"\/><\/figure><\/div>\n\n\n\n<div class=\"wp-block-uagb-container uagb-block-72514f6d\">\n<div class=\"wp-block-uagb-advanced-heading uagb-block-b317ae0b\"><h3 class=\"uagb-heading-text\">Nuestra Misi\u00f3n<\/h3><p class=\"uagb-desc-text\">Basamos nuestro trabajo en la estimulaci\u00f3n de la inteligencia, proporcionando el grado necesario para que los ni\u00f1os y ni\u00f1as tengan \u00e9xito en actividades escolares, sociales, y desarrollen habilidades de empat\u00eda, aceptaci\u00f3n y coeducaci\u00f3n.<\/p><\/div>\n\n\n\n<div class=\"wp-block-uagb-advanced-heading uagb-block-3b00767d\"><h3 class=\"uagb-heading-text\">Nuestros Valores<\/h3><p class=\"uagb-desc-text\">Nuestro objetivo principal es la felicidad de los m\u00e1s peque\u00f1os. Nos comprometemos a contribuir a su desarrollo individual y social, brind\u00e1ndoles una asistencia y educaci\u00f3n personalizada, de alta calidad, que se centra en sus necesidades, intereses y habilidades. Estos principios reflejan nuestros valores fundamentales de cuidado, respeto y dedicaci\u00f3n a cada ni\u00f1o y ni\u00f1a.<\/p><\/div>\n<\/div>\n<\/div><\/div>\n\n\n\n<div class=\"wp-block-uagb-container uagb-block-61e8ac2a alignfull uagb-is-root-container\"><div class=\"uagb-container-inner-blocks-wrap\">\n<div class=\"wp-block-uagb-image aligncenter uagb-block-052b1f4c wp-block-uagb-image--layout-default wp-block-uagb-image--effect-static wp-block-uagb-image--align-center\"><figure class=\"wp-block-uagb-image__figure\"><img decoding=\"async\" srcset=\"https:\/\/guarderiaburbujas.com\/wp-content\/uploads\/2021\/11\/quotes.svg ,https:\/\/guarderiaburbujas.com\/wp-content\/uploads\/2021\/11\/quotes.svg 780w, https:\/\/guarderiaburbujas.com\/wp-content\/uploads\/2021\/11\/quotes.svg 360w\" sizes=\"auto, (max-width: 480px) 150px\" src=\"https:\/\/guarderiaburbujas.com\/wp-content\/uploads\/2021\/11\/quotes.svg\" alt=\"\" class=\"uag-image-117\" width=\"37\" height=\"38\" title=\"quotes\" loading=\"lazy\" role=\"img\"\/><\/figure><\/div>\n\n\n\n<div class=\"wp-block-uagb-info-box uagb-block-54aaf525 uagb-infobox__content-wrap  uagb-infobox-icon-below-title uagb-infobox-image-valign-top\"><div class=\"uagb-ifb-content\"><div class=\"uagb-ifb-title-wrap\"><h4 class=\"uagb-ifb-title\">\u201cNuestra experiencia ha sido maravillosa. Han tratado a nuestro hijo con mucho cari\u00f1o y a nosotros han intentado ayudarnos en todo lo posible. Muy profesionales y cercanas. Totalmente recomendable..\u201d<\/h4><\/div><div class=\"uagb-ifb-image-content\"><img decoding=\"async\" src=\"https:\/\/guarderiaburbujas.com\/wp-content\/uploads\/2021\/11\/avatar_on_about.png\" alt=\"\" width=\"50\" height=\"50\" loading=\"lazy\"\/><\/div><p class=\"uagb-ifb-desc\">Estibaliz Garc\u00eda<\/p><\/div><\/div>\n<\/div><\/div>\n","protected":false},"excerpt":{"rendered":"<p>Sobre Nosotros Desde nuestra perspectiva educativa, el primer ciclo de la educaci\u00f3n infantil es fundamental para el desarrollo integral de los ni\u00f1os y ni\u00f1as. Adem\u00e1s, nunca perdemos de vista la importancia de la atenci\u00f3n asistencial, emocional y afectiva, aspectos esenciales en nuestra labor diaria. Nuestra Misi\u00f3n Basamos nuestro trabajo en la estimulaci\u00f3n de la inteligencia, [&hellip;]<\/p>\n","protected":false},"author":1,"featured_media":0,"parent":0,"menu_order":0,"comment_status":"closed","ping_status":"closed","template":"","meta":{"_uag_custom_page_level_css":"","site-sidebar-layout":"no-sidebar","site-content-layout":"page-builder","ast-site-content-layout":"full-width-container","site-content-style":"unboxed","site-sidebar-style":"default","ast-global-header-display":"","ast-banner-title-visibility":"","ast-main-header-display":"","ast-hfb-above-header-display":"","ast-hfb-below-header-display":"","ast-hfb-mobile-header-display":"","site-post-title":"disabled","ast-breadcrumbs-content":"","ast-featured-img":"disabled","footer-sml-layout":"","theme-transparent-header-meta":"disabled","adv-header-id-meta":"","stick-header-meta":"","header-above-stick-meta":"","header-main-stick-meta":"","header-below-stick-meta":"","astra-migrate-meta-layouts":"set","ast-page-background-enabled":"default","ast-page-background-meta":{"desktop":{"background-color":"var(--ast-global-color-4)","background-image":"","background-repeat":"repeat","background-position":"center center","background-size":"auto","background-attachment":"scroll","background-type":"","background-media":"","overlay-type":"","overlay-color":"","overlay-opacity":"","overlay-gradient":""},"tablet":{"background-color":"","background-image":"","background-repeat":"repeat","background-position":"center center","background-size":"auto","background-attachment":"scroll","background-type":"","background-media":"","overlay-type":"","overlay-color":"","overlay-opacity":"","overlay-gradient":""},"mobile":{"background-color":"","background-image":"","background-repeat":"repeat","background-position":"center center","background-size":"auto","background-attachment":"scroll","background-type":"","background-media":"","overlay-type":"","overlay-color":"","overlay-opacity":"","overlay-gradient":""}},"ast-content-background-meta":{"desktop":{"background-color":"var(--ast-global-color-5)","background-image":"","background-repeat":"repeat","background-position":"center center","background-size":"auto","background-attachment":"scroll","background-type":"","background-media":"","overlay-type":"","overlay-color":"","overlay-opacity":"","overlay-gradient":""},"tablet":{"background-color":"var(--ast-global-color-5)","background-image":"","background-repeat":"repeat","background-position":"center center","background-size":"auto","background-attachment":"scroll","background-type":"","background-media":"","overlay-type":"","overlay-color":"","overlay-opacity":"","overlay-gradient":""},"mobile":{"background-color":"var(--ast-global-color-5)","background-image":"","background-repeat":"repeat","background-position":"center center","background-size":"auto","background-attachment":"scroll","background-type":"","background-media":"","overlay-type":"","overlay-color":"","overlay-opacity":"","overlay-gradient":""}},"footnotes":""},"class_list":["post-1324","page","type-page","status-publish","hentry"],"uagb_featured_image_src":{"full":false,"thumbnail":false,"medium":false,"medium_large":false,"large":false,"1536x1536":false,"2048x2048":false},"uagb_author_info":{"display_name":"gestorguarderia","author_link":"https:\/\/guarderiaburbujas.com\/?author=1"},"uagb_comment_info":0,"uagb_excerpt":"Sobre Nosotros Desde nuestra perspectiva educativa, el primer ciclo de la educaci\u00f3n infantil es fundamental para el desarrollo integral de los ni\u00f1os y ni\u00f1as. Adem\u00e1s, nunca perdemos de vista la importancia de la atenci\u00f3n asistencial, emocional y afectiva, aspectos esenciales en nuestra labor diaria. Nuestra Misi\u00f3n Basamos nuestro trabajo en la estimulaci\u00f3n de la inteligencia,&hellip;","_links":{"self":[{"href":"https:\/\/guarderiaburbujas.com\/index.php?rest_route=\/wp\/v2\/pages\/1324","targetHints":{"allow":["GET"]}}],"collection":[{"href":"https:\/\/guarderiaburbujas.com\/index.php?rest_route=\/wp\/v2\/pages"}],"about":[{"href":"https:\/\/guarderiaburbujas.com\/index.php?rest_route=\/wp\/v2\/types\/page"}],"author":[{"embeddable":true,"href":"https:\/\/guarderiaburbujas.com\/index.php?rest_route=\/wp\/v2\/users\/1"}],"replies":[{"embeddable":true,"href":"https:\/\/guarderiaburbujas.com\/index.php?rest_route=%2Fwp%2Fv2%2Fcomments&post=1324"}],"version-history":[{"count":8,"href":"https:\/\/guarderiaburbujas.com\/index.php?rest_route=\/wp\/v2\/pages\/1324\/revisions"}],"predecessor-version":[{"id":2340,"href":"https:\/\/guarderiaburbujas.com\/index.php?rest_route=\/wp\/v2\/pages\/1324\/revisions\/2340"}],"wp:attachment":[{"href":"https:\/\/guarderiaburbujas.com\/index.php?rest_route=%2Fwp%2Fv2%2Fmedia&parent=1324"}],"curies":[{"name":"wp","href":"https:\/\/api.w.org\/{rel}","templated":true}]}}